{"id":749,"date":"2022-11-09T12:44:11","date_gmt":"2022-11-09T16:44:11","guid":{"rendered":"https:\/\/www.nbarea.org\/devenir-un-evaluateur\/education-and-training\/"},"modified":"2022-11-24T19:01:45","modified_gmt":"2022-11-24T19:01:45","slug":"etudes-et-formation","status":"publish","type":"page","link":"https:\/\/www.nbarea.org\/fr\/devenir-un-evaluateur\/etudes-et-formation\/","title":{"rendered":"\u00c9tudes et formation"},"content":{"rendered":"<p>[et_pb_section fb_built=\u00a0\u00bb1&Prime; _builder_version=\u00a0\u00bb4.19.0&Prime; _module_preset=\u00a0\u00bbdefault\u00a0\u00bb background_image=\u00a0\u00bbhttps:\/\/www.nbarea.org\/wp-content\/uploads\/2022\/11\/AdobeStock_89469395.png\u00a0\u00bb custom_padding=\u00a0\u00bb4vw||8vw||false|false\u00a0\u00bb global_colors_info=\u00a0\u00bb{}\u00a0\u00bb][et_pb_row _builder_version=\u00a0\u00bb4.19.0&Prime; _module_preset=\u00a0\u00bbdefault\u00a0\u00bb global_colors_info=\u00a0\u00bb{}\u00a0\u00bb][et_pb_column type=\u00a0\u00bb4_4&Prime; _builder_version=\u00a0\u00bb4.19.0&Prime; _module_preset=\u00a0\u00bbdefault\u00a0\u00bb global_colors_info=\u00a0\u00bb{}\u00a0\u00bb][\/et_pb_column][\/et_pb_row][\/et_pb_section][et_pb_section fb_built=\u00a0\u00bb1&Prime; _builder_version=\u00a0\u00bb4.19.0&Prime; _module_preset=\u00a0\u00bbdefault\u00a0\u00bb global_colors_info=\u00a0\u00bb{}\u00a0\u00bb][et_pb_row module_class=\u00a0\u00bbpa-inline-buttons\u00a0\u00bb _builder_version=\u00a0\u00bb4.19.0&Prime; _module_preset=\u00a0\u00bbdefault\u00a0\u00bb global_colors_info=\u00a0\u00bb{}\u00a0\u00bb][et_pb_column type=\u00a0\u00bb4_4&Prime; _builder_version=\u00a0\u00bb4.19.0&Prime; _module_preset=\u00a0\u00bbdefault\u00a0\u00bb global_colors_info=\u00a0\u00bb{}\u00a0\u00bb][et_pb_text _builder_version=\u00a0\u00bb4.19.1&Prime; _module_preset=\u00a0\u00bbdefault\u00a0\u00bb header_2_font=\u00a0\u00bb|600|||||||\u00a0\u00bb header_2_text_color=\u00a0\u00bb#131F20&Prime; header_2_font_size=\u00a0\u00bb48px\u00a0\u00bb header_2_letter_spacing=\u00a0\u00bb2px\u00a0\u00bb header_3_font_size=\u00a0\u00bb28px\u00a0\u00bb header_3_letter_spacing=\u00a0\u00bb2px\u00a0\u00bb header_4_font_size=\u00a0\u00bb21px\u00a0\u00bb header_4_letter_spacing=\u00a0\u00bb1px\u00a0\u00bb hover_enabled=\u00a0\u00bb0&Prime; header_2_font_size_tablet=\u00a0\u00bb42px\u00a0\u00bb header_2_font_size_phone=\u00a0\u00bb38px\u00a0\u00bb header_2_font_size_last_edited=\u00a0\u00bbon|desktop\u00a0\u00bb header_3_font_size_tablet=\u00a0\u00bb26px\u00a0\u00bb header_3_font_size_phone=\u00a0\u00bb\u00a0\u00bb header_3_font_size_last_edited=\u00a0\u00bbon|desktop\u00a0\u00bb global_colors_info=\u00a0\u00bb{}\u00a0\u00bb sticky_enabled=\u00a0\u00bb0&Prime;]<\/p>\n<h2><span style=\"font-weight: 400;\">\u00c9tudes et formation<\/span><\/h2>\n<p><span style=\"font-weight: 400;\">Les \u00e9valuatrices immobili\u00e8res et \u00e9valuateurs immobiliers suivent des cours en math\u00e9matiques, en affaires, en immobilier, en \u00e9conomie et en droit. Ils suivent \u00e9galement une formation pratique supervis\u00e9e afin de s\u2019assurer qu\u2019ils exercent leur m\u00e9tier conform\u00e9ment aux normes de la pratique professionnelle de l\u2019\u00e9valuation.\u00a0<\/span><\/p>\n<p>[\/et_pb_text][et_pb_text _builder_version=\u00a0\u00bb4.19.1&Prime; _module_preset=\u00a0\u00bbdefault\u00a0\u00bb header_2_font=\u00a0\u00bb|600|||||||\u00a0\u00bb header_2_text_color=\u00a0\u00bb#131F20&Prime; header_2_font_size=\u00a0\u00bb48px\u00a0\u00bb header_2_letter_spacing=\u00a0\u00bb2px\u00a0\u00bb header_3_font_size=\u00a0\u00bb28px\u00a0\u00bb header_3_letter_spacing=\u00a0\u00bb2px\u00a0\u00bb header_4_font_size=\u00a0\u00bb21px\u00a0\u00bb header_4_letter_spacing=\u00a0\u00bb1px\u00a0\u00bb hover_enabled=\u00a0\u00bb0&Prime; header_2_font_size_tablet=\u00a0\u00bb42px\u00a0\u00bb header_2_font_size_phone=\u00a0\u00bb38px\u00a0\u00bb header_2_font_size_last_edited=\u00a0\u00bbon|desktop\u00a0\u00bb header_3_font_size_tablet=\u00a0\u00bb26px\u00a0\u00bb header_3_font_size_phone=\u00a0\u00bb\u00a0\u00bb header_3_font_size_last_edited=\u00a0\u00bbon|desktop\u00a0\u00bb global_colors_info=\u00a0\u00bb{}\u00a0\u00bb sticky_enabled=\u00a0\u00bb0&Prime;]<\/p>\n<h3><span style=\"font-weight: 400;\">Exigences en mati\u00e8re d\u2019\u00e9tudes et de formation<\/span><\/h3>\n<p><span style=\"font-weight: 400;\">Il existe deux options en mati\u00e8re d\u2019\u00e9tudes et de formation pour les \u00e9valuatrices immobili\u00e8res et \u00e9valuateurs immobiliers au Nouveau-Brunswick : l\u2019Institut canadien des \u00e9valuateurs (ICE) et la Canadian National Association of Real Estate Appraisers (CNAREA). Les deux organismes exigent une combinaison d\u2019\u00e9tudes, de formation supervis\u00e9e et d\u2019examens. <\/span><\/p>\n<p>[\/et_pb_text][et_pb_button button_url=\u00a0\u00bbhttps:\/\/www.aicanada.ca\/become-an-appraiser\/path-aic-designation\/\u00a0\u00bb url_new_window=\u00a0\u00bbon\u00a0\u00bb button_text=\u00a0\u00bbICE\u00a0\u00bb button_alignment=\u00a0\u00bbleft\u00a0\u00bb _builder_version=\u00a0\u00bb4.19.1&Prime; _module_preset=\u00a0\u00bbdefault\u00a0\u00bb custom_button=\u00a0\u00bbon\u00a0\u00bb button_text_color=\u00a0\u00bb#FFFFFF\u00a0\u00bb button_bg_color=\u00a0\u00bb#653450&Prime; button_border_width=\u00a0\u00bb0px\u00a0\u00bb button_border_radius=\u00a0\u00bb8px\u00a0\u00bb button_letter_spacing=\u00a0\u00bb1px\u00a0\u00bb button_icon=\u00a0\u00bb&#xf35a;||fa||900&Prime; button_icon_color=\u00a0\u00bb#FFFFFF\u00a0\u00bb custom_margin=\u00a0\u00bb|8px|||false|false\u00a0\u00bb custom_padding=\u00a0\u00bb||||false|false\u00a0\u00bb hover_enabled=\u00a0\u00bb0&Prime; box_shadow_style=\u00a0\u00bbpreset2&Prime; box_shadow_vertical=\u00a0\u00bb12px\u00a0\u00bb box_shadow_blur=\u00a0\u00bb24px\u00a0\u00bb box_shadow_spread=\u00a0\u00bb-2px\u00a0\u00bb box_shadow_color=\u00a0\u00bbrgba(101,52,80,0.35)\u00a0\u00bb global_colors_info=\u00a0\u00bb{}\u00a0\u00bb sticky_enabled=\u00a0\u00bb0&Prime;][\/et_pb_button][et_pb_button button_url=\u00a0\u00bbhttps:\/\/cnarea.ca\/\u00a0\u00bb url_new_window=\u00a0\u00bbon\u00a0\u00bb button_text=\u00a0\u00bbCNAREA\u00a0\u00bb button_alignment=\u00a0\u00bbleft\u00a0\u00bb _builder_version=\u00a0\u00bb4.19.0&Prime; _module_preset=\u00a0\u00bbdefault\u00a0\u00bb custom_button=\u00a0\u00bbon\u00a0\u00bb button_text_color=\u00a0\u00bb#FFFFFF\u00a0\u00bb button_bg_color=\u00a0\u00bb#653450&Prime; button_border_width=\u00a0\u00bb0px\u00a0\u00bb button_border_radius=\u00a0\u00bb8px\u00a0\u00bb button_letter_spacing=\u00a0\u00bb1px\u00a0\u00bb button_icon=\u00a0\u00bb&#xf35a;||fa||900&Prime; button_icon_color=\u00a0\u00bb#FFFFFF\u00a0\u00bb custom_margin=\u00a0\u00bb|8px|||false|false\u00a0\u00bb box_shadow_style=\u00a0\u00bbpreset2&Prime; box_shadow_vertical=\u00a0\u00bb12px\u00a0\u00bb box_shadow_blur=\u00a0\u00bb24px\u00a0\u00bb box_shadow_spread=\u00a0\u00bb-2px\u00a0\u00bb box_shadow_color=\u00a0\u00bbrgba(101,52,80,0.35)\u00a0\u00bb global_colors_info=\u00a0\u00bb{}\u00a0\u00bb][\/et_pb_button][et_pb_button button_url=\u00a0\u00bbhttps:\/\/www.ulaval.ca\/en\u00a0\u00bb url_new_window=\u00a0\u00bbon\u00a0\u00bb button_text=\u00a0\u00bbUniversit\u00e9 Laval\u00a0\u00bb button_alignment=\u00a0\u00bbleft\u00a0\u00bb _builder_version=\u00a0\u00bb4.19.0&Prime; _module_preset=\u00a0\u00bbdefault\u00a0\u00bb custom_button=\u00a0\u00bbon\u00a0\u00bb button_text_color=\u00a0\u00bb#FFFFFF\u00a0\u00bb button_bg_color=\u00a0\u00bb#653450&Prime; button_border_width=\u00a0\u00bb0px\u00a0\u00bb button_border_radius=\u00a0\u00bb8px\u00a0\u00bb button_letter_spacing=\u00a0\u00bb1px\u00a0\u00bb button_icon=\u00a0\u00bb&#xf35a;||fa||900&Prime; button_icon_color=\u00a0\u00bb#FFFFFF\u00a0\u00bb custom_margin=\u00a0\u00bb|8px|||false|false\u00a0\u00bb box_shadow_style=\u00a0\u00bbpreset2&Prime; box_shadow_vertical=\u00a0\u00bb12px\u00a0\u00bb box_shadow_blur=\u00a0\u00bb24px\u00a0\u00bb box_shadow_spread=\u00a0\u00bb-2px\u00a0\u00bb box_shadow_color=\u00a0\u00bbrgba(101,52,80,0.35)\u00a0\u00bb global_colors_info=\u00a0\u00bb{}\u00a0\u00bb][\/et_pb_button][et_pb_button button_url=\u00a0\u00bbhttps:\/\/www.sauder.ubc.ca\/programs\/real-estate\/credit-programs\/aic-distance-education-program\u00a0\u00bb url_new_window=\u00a0\u00bbon\u00a0\u00bb button_text=\u00a0\u00bbUBC Sauder\u00a0\u00bb button_alignment=\u00a0\u00bbleft\u00a0\u00bb _builder_version=\u00a0\u00bb4.19.0&Prime; _module_preset=\u00a0\u00bbdefault\u00a0\u00bb custom_button=\u00a0\u00bbon\u00a0\u00bb button_text_color=\u00a0\u00bb#FFFFFF\u00a0\u00bb button_bg_color=\u00a0\u00bb#653450&Prime; button_border_width=\u00a0\u00bb0px\u00a0\u00bb button_border_radius=\u00a0\u00bb8px\u00a0\u00bb button_letter_spacing=\u00a0\u00bb1px\u00a0\u00bb button_icon=\u00a0\u00bb&#xf35a;||fa||900&Prime; button_icon_color=\u00a0\u00bb#FFFFFF\u00a0\u00bb custom_margin=\u00a0\u00bb|8px|||false|false\u00a0\u00bb box_shadow_style=\u00a0\u00bbpreset2&Prime; box_shadow_vertical=\u00a0\u00bb12px\u00a0\u00bb box_shadow_blur=\u00a0\u00bb24px\u00a0\u00bb box_shadow_spread=\u00a0\u00bb-2px\u00a0\u00bb box_shadow_color=\u00a0\u00bbrgba(101,52,80,0.35)\u00a0\u00bb global_colors_info=\u00a0\u00bb{}\u00a0\u00bb][\/et_pb_button][et_pb_text _builder_version=\u00a0\u00bb4.19.1&Prime; _module_preset=\u00a0\u00bbdefault\u00a0\u00bb header_2_font=\u00a0\u00bb|600|||||||\u00a0\u00bb header_2_text_color=\u00a0\u00bb#131F20&Prime; header_2_font_size=\u00a0\u00bb48px\u00a0\u00bb header_2_letter_spacing=\u00a0\u00bb2px\u00a0\u00bb header_3_font_size=\u00a0\u00bb28px\u00a0\u00bb header_3_letter_spacing=\u00a0\u00bb2px\u00a0\u00bb header_4_font_size=\u00a0\u00bb21px\u00a0\u00bb header_4_letter_spacing=\u00a0\u00bb1px\u00a0\u00bb hover_enabled=\u00a0\u00bb0&Prime; header_2_font_size_tablet=\u00a0\u00bb42px\u00a0\u00bb header_2_font_size_phone=\u00a0\u00bb38px\u00a0\u00bb header_2_font_size_last_edited=\u00a0\u00bbon|desktop\u00a0\u00bb header_3_font_size_tablet=\u00a0\u00bb26px\u00a0\u00bb header_3_font_size_phone=\u00a0\u00bb\u00a0\u00bb header_3_font_size_last_edited=\u00a0\u00bbon|desktop\u00a0\u00bb global_colors_info=\u00a0\u00bb{}\u00a0\u00bb sticky_enabled=\u00a0\u00bb0&Prime;]<\/p>\n<h3><span style=\"font-weight: 400;\">Titre aupr\u00e8s de l\u2019Institut canadien des \u00e9valuateurs<\/span><\/h3>\n<p><span style=\"font-weight: 400;\">Les exigences d\u2019obtention du titre CRA ou AACI comprennent des cours, une formation pratique et des examens. <\/span><\/p>\n<p>[\/et_pb_text][et_pb_text _builder_version=\u00a0\u00bb4.19.1&Prime; _module_preset=\u00a0\u00bbdefault\u00a0\u00bb header_2_font=\u00a0\u00bb|600|||||||\u00a0\u00bb header_2_text_color=\u00a0\u00bb#131F20&Prime; header_2_font_size=\u00a0\u00bb48px\u00a0\u00bb header_2_letter_spacing=\u00a0\u00bb2px\u00a0\u00bb header_3_font_size=\u00a0\u00bb28px\u00a0\u00bb header_3_letter_spacing=\u00a0\u00bb2px\u00a0\u00bb header_4_font_size=\u00a0\u00bb21px\u00a0\u00bb header_4_letter_spacing=\u00a0\u00bb1px\u00a0\u00bb hover_enabled=\u00a0\u00bb0&Prime; header_2_font_size_tablet=\u00a0\u00bb42px\u00a0\u00bb header_2_font_size_phone=\u00a0\u00bb38px\u00a0\u00bb header_2_font_size_last_edited=\u00a0\u00bbon|desktop\u00a0\u00bb header_3_font_size_tablet=\u00a0\u00bb26px\u00a0\u00bb header_3_font_size_phone=\u00a0\u00bb\u00a0\u00bb header_3_font_size_last_edited=\u00a0\u00bbon|desktop\u00a0\u00bb global_colors_info=\u00a0\u00bb{}\u00a0\u00bb sticky_enabled=\u00a0\u00bb0&Prime;]<\/p>\n<h4><span style=\"font-weight: 400;\">Cours <\/span><\/h4>\n<p><span style=\"font-weight: 400;\">Les cours requis pour avoir les titres CRA et AACI comprennent l\u2019obtention d\u2019un dipl\u00f4me de niveau universitaire (dans n\u2019importe quelle mati\u00e8re), ainsi que des cours obligatoires et optionnels.\u00a0<\/span><\/p>\n<p><span style=\"font-weight: 400;\">Des cours sont offerts en ligne par l\u2019interm\u00e9diaire de l\u2019ICE et de la Sauder School of Business de l\u2019Universit\u00e9 de la Colombie-Britannique. Les cours particuliers requis d\u00e9pendent du titre recherch\u00e9 (CRA ou AACI) et des cours que la candidate ou le candidat aurait d\u00e9j\u00e0 suivis dans le cadre de son dipl\u00f4me universitaire. <\/span><a href=\"https:\/\/www.aicanada.ca\/fr\/devenir-un-evaluateur\/voie-menant-a-une-designation-de-lice\/\"><span style=\"font-weight: 400;\">Cliquer ici<\/span><\/a><span style=\"font-weight: 400;\"> pour obtenir d\u2019autres renseignements sur les exigences en mati\u00e8re d\u2019\u00e9tudes relatives \u00e0 l\u2019obtention du titre de l\u2019ICE.<\/span><\/p>\n<p><span style=\"font-weight: 400;\">Les \u00e9tudiantes et \u00e9tudiantes choisissent d\u2019avancer \u00e0 leur propre rythme d\u2019\u00e9tudes, de sorte que la charge de travail et le temps n\u00e9cessaire pour suivre les cours et la formation varient. Les cours et la formation peuvent \u00eatre achev\u00e9s en 2 ans seulement, mais les \u00e9tudiantes et \u00e9tudiants doivent terminer leurs cours \u00e0 l\u2019int\u00e9rieur d\u2019une p\u00e9riode de 10 ans, au plus.<\/span><\/p>\n<p>[\/et_pb_text][et_pb_text _builder_version=\u00a0\u00bb4.19.1&Prime; _module_preset=\u00a0\u00bbdefault\u00a0\u00bb header_2_font=\u00a0\u00bb|600|||||||\u00a0\u00bb header_2_text_color=\u00a0\u00bb#131F20&Prime; header_2_font_size=\u00a0\u00bb48px\u00a0\u00bb header_2_letter_spacing=\u00a0\u00bb2px\u00a0\u00bb header_3_font_size=\u00a0\u00bb28px\u00a0\u00bb header_3_letter_spacing=\u00a0\u00bb2px\u00a0\u00bb header_4_font_size=\u00a0\u00bb21px\u00a0\u00bb header_4_letter_spacing=\u00a0\u00bb1px\u00a0\u00bb hover_enabled=\u00a0\u00bb0&Prime; header_2_font_size_tablet=\u00a0\u00bb42px\u00a0\u00bb header_2_font_size_phone=\u00a0\u00bb38px\u00a0\u00bb header_2_font_size_last_edited=\u00a0\u00bbon|desktop\u00a0\u00bb header_3_font_size_tablet=\u00a0\u00bb26px\u00a0\u00bb header_3_font_size_phone=\u00a0\u00bb\u00a0\u00bb header_3_font_size_last_edited=\u00a0\u00bbon|desktop\u00a0\u00bb global_colors_info=\u00a0\u00bb{}\u00a0\u00bb sticky_enabled=\u00a0\u00bb0&Prime;]<\/p>\n<h4><span style=\"font-weight: 400;\">Exercice supervis\u00e9<\/span><\/h4>\n<p><span style=\"font-weight: 400;\">En plus de suivre des cours, les candidates et candidats au titre sont tenus de prendre part \u00e0 un exercice supervis\u00e9. Ce dernier est effectu\u00e9 sous la supervision d\u2019un cosignataire, form\u00e9 et approuv\u00e9 par l\u2019ICE. La formation pratique a pour but de s\u2019assurer que les candidates et candidats comprennent et exercent la profession conform\u00e9ment aux Normes uniformes de pratique professionnelle en mati\u00e8re d\u2019\u00e9valuation au Canada (NUPPEC). La formation comporte \u00e0 la fois une pratique encadr\u00e9e (programme d\u2019exp\u00e9rience appliqu\u00e9e) et une \u00e9valuation p\u00e9riodique du travail d\u2019\u00e9valuation du candidat par des pairs examinateurs nationaux (Examen du produit du travail ou EPT).\u00a0<\/span><\/p>\n<p><span style=\"font-weight: 400;\">Consulter le <\/span><a href=\"https:\/\/www.aicanada.ca\/fr\/devenir-un-evaluateur\/voie-menant-a-une-designation-de-lice\/\"><span style=\"font-weight: 400;\">site Web de l\u2019ICE<\/span><\/a><span style=\"font-weight: 400;\"> pour avoir d\u2019autres renseignements sur le programme d\u2019exp\u00e9rience appliqu\u00e9e.<\/span><\/p>\n<p><b>Note importante : <\/b><span style=\"font-weight: 400;\">Les personnes candidates doivent avoir le statut de candidat aupr\u00e8s de l\u2019AEINB et de l\u2019ICE afin de pouvoir suivre le programme d\u2019exp\u00e9rience appliqu\u00e9e et subir l\u2019Examen du produit du travail.\u00a0<\/span><\/p>\n<p><span style=\"font-weight: 400;\">Les personnes candidates peuvent obtenir le statut de candidat apr\u00e8s avoir suivi les trois premiers cours d\u2019introduction ou peuvent choisir d\u2019attendre d\u2019avoir suivi un plus grand nombre de cours obligatoires. Ce n\u2019est pas \u00e0 l\u2019ICE que revient la responsabilit\u00e9 de trouver un cosignataire. Il incombe aux candidates et candidats de trouver leur propre cosignataire avant de demander le statut de candidat. <\/span><\/p>\n<p>[\/et_pb_text][et_pb_text _builder_version=\u00a0\u00bb4.19.1&Prime; _module_preset=\u00a0\u00bbdefault\u00a0\u00bb header_2_font=\u00a0\u00bb|600|||||||\u00a0\u00bb header_2_text_color=\u00a0\u00bb#131F20&Prime; header_2_font_size=\u00a0\u00bb48px\u00a0\u00bb header_2_letter_spacing=\u00a0\u00bb2px\u00a0\u00bb header_3_font_size=\u00a0\u00bb28px\u00a0\u00bb header_3_letter_spacing=\u00a0\u00bb2px\u00a0\u00bb header_4_font_size=\u00a0\u00bb21px\u00a0\u00bb header_4_letter_spacing=\u00a0\u00bb1px\u00a0\u00bb hover_enabled=\u00a0\u00bb0&Prime; header_2_font_size_tablet=\u00a0\u00bb42px\u00a0\u00bb header_2_font_size_phone=\u00a0\u00bb38px\u00a0\u00bb header_2_font_size_last_edited=\u00a0\u00bbon|desktop\u00a0\u00bb header_3_font_size_tablet=\u00a0\u00bb26px\u00a0\u00bb header_3_font_size_phone=\u00a0\u00bb\u00a0\u00bb header_3_font_size_last_edited=\u00a0\u00bbon|desktop\u00a0\u00bb global_colors_info=\u00a0\u00bb{}\u00a0\u00bb sticky_enabled=\u00a0\u00bb0&Prime;]<\/p>\n<h4><span style=\"font-weight: 400;\">Examens<\/span><\/h4>\n<p><span style=\"font-weight: 400;\">Une fois que toutes les exigences en mati\u00e8re de cours obligatoires, du programme d\u2019exp\u00e9rience appliqu\u00e9e et de l\u2019Examen du produit du travail ont \u00e9t\u00e9 satisfaites, les candidates et candidats doivent r\u00e9ussir un examen \u00e9crit, suivi d\u2019une entrevue sur les comp\u00e9tences professionnelles.<\/span><\/p>\n<p>[\/et_pb_text][et_pb_text _builder_version=\u00a0\u00bb4.19.1&Prime; _module_preset=\u00a0\u00bbdefault\u00a0\u00bb header_2_font=\u00a0\u00bb|600|||||||\u00a0\u00bb header_2_text_color=\u00a0\u00bb#131F20&Prime; header_2_font_size=\u00a0\u00bb48px\u00a0\u00bb header_2_letter_spacing=\u00a0\u00bb2px\u00a0\u00bb header_3_font_size=\u00a0\u00bb28px\u00a0\u00bb header_3_letter_spacing=\u00a0\u00bb2px\u00a0\u00bb header_4_font_size=\u00a0\u00bb21px\u00a0\u00bb header_4_letter_spacing=\u00a0\u00bb1px\u00a0\u00bb hover_enabled=\u00a0\u00bb0&Prime; header_2_font_size_tablet=\u00a0\u00bb42px\u00a0\u00bb header_2_font_size_phone=\u00a0\u00bb38px\u00a0\u00bb header_2_font_size_last_edited=\u00a0\u00bbon|desktop\u00a0\u00bb header_3_font_size_tablet=\u00a0\u00bb26px\u00a0\u00bb header_3_font_size_phone=\u00a0\u00bb\u00a0\u00bb header_3_font_size_last_edited=\u00a0\u00bbon|desktop\u00a0\u00bb global_colors_info=\u00a0\u00bb{}\u00a0\u00bb sticky_enabled=\u00a0\u00bb0&Prime;]<\/p>\n<h3 style=\"text-align: left;\"><span style=\"font-weight: 400;\">Titre aupr\u00e8s de la Canadian National Association of Real Estate Appraisers<\/span><\/h3>\n<p><span style=\"font-weight: 400;\">Pour avoir acc\u00e8s aux cours n\u00e9cessaires \u00e0 l\u2019obtention des titres de DAR et de DAC, les candidates et candidats doivent trouver un \u00e9valuateur examinateur agr\u00e9\u00e9 qui est pr\u00eat \u00e0 les embaucher en tant que candidat et qui fera office de superviseur ou d\u2019\u00e9valuateur examinateur pour le candidat pendant sa formation.\u00a0<\/span><\/p>\n<p>[\/et_pb_text][et_pb_button button_url=\u00a0\u00bbhttps:\/\/cnarea.ca\/educational-requirements-for-dar-designation\/\u00a0\u00bb url_new_window=\u00a0\u00bbon\u00a0\u00bb button_text=\u00a0\u00bbDAR \u00a0\u00bb button_alignment=\u00a0\u00bbleft\u00a0\u00bb _builder_version=\u00a0\u00bb4.19.1&Prime; _module_preset=\u00a0\u00bbdefault\u00a0\u00bb custom_button=\u00a0\u00bbon\u00a0\u00bb button_text_color=\u00a0\u00bb#FFFFFF\u00a0\u00bb button_bg_color=\u00a0\u00bb#653450&Prime; button_border_width=\u00a0\u00bb0px\u00a0\u00bb button_border_radius=\u00a0\u00bb8px\u00a0\u00bb button_letter_spacing=\u00a0\u00bb1px\u00a0\u00bb button_icon=\u00a0\u00bb&#xf35a;||fa||900&Prime; button_icon_color=\u00a0\u00bb#FFFFFF\u00a0\u00bb custom_margin=\u00a0\u00bb|8px|||false|false\u00a0\u00bb custom_padding=\u00a0\u00bb||||false|false\u00a0\u00bb hover_enabled=\u00a0\u00bb0&Prime; box_shadow_style=\u00a0\u00bbpreset2&Prime; box_shadow_vertical=\u00a0\u00bb12px\u00a0\u00bb box_shadow_blur=\u00a0\u00bb24px\u00a0\u00bb box_shadow_spread=\u00a0\u00bb-2px\u00a0\u00bb box_shadow_color=\u00a0\u00bbrgba(101,52,80,0.35)\u00a0\u00bb global_colors_info=\u00a0\u00bb{}\u00a0\u00bb sticky_enabled=\u00a0\u00bb0&Prime;][\/et_pb_button][et_pb_button button_url=\u00a0\u00bbhttps:\/\/cnarea.ca\/path-towards-the-dac-designation\/\u00a0\u00bb url_new_window=\u00a0\u00bbon\u00a0\u00bb button_text=\u00a0\u00bbDAC \u00a0\u00bb button_alignment=\u00a0\u00bbleft\u00a0\u00bb _builder_version=\u00a0\u00bb4.19.1&Prime; _module_preset=\u00a0\u00bbdefault\u00a0\u00bb custom_button=\u00a0\u00bbon\u00a0\u00bb button_text_color=\u00a0\u00bb#FFFFFF\u00a0\u00bb button_bg_color=\u00a0\u00bb#653450&Prime; button_border_width=\u00a0\u00bb0px\u00a0\u00bb button_border_radius=\u00a0\u00bb8px\u00a0\u00bb button_letter_spacing=\u00a0\u00bb1px\u00a0\u00bb button_icon=\u00a0\u00bb&#xf35a;||fa||900&Prime; button_icon_color=\u00a0\u00bb#FFFFFF\u00a0\u00bb custom_margin=\u00a0\u00bb|8px|||false|false\u00a0\u00bb custom_padding=\u00a0\u00bb||||false|false\u00a0\u00bb hover_enabled=\u00a0\u00bb0&Prime; box_shadow_style=\u00a0\u00bbpreset2&Prime; box_shadow_vertical=\u00a0\u00bb12px\u00a0\u00bb box_shadow_blur=\u00a0\u00bb24px\u00a0\u00bb box_shadow_spread=\u00a0\u00bb-2px\u00a0\u00bb box_shadow_color=\u00a0\u00bbrgba(101,52,80,0.35)\u00a0\u00bb global_colors_info=\u00a0\u00bb{}\u00a0\u00bb sticky_enabled=\u00a0\u00bb0&Prime;][\/et_pb_button][et_pb_text _builder_version=\u00a0\u00bb4.19.1&Prime; _module_preset=\u00a0\u00bbdefault\u00a0\u00bb header_2_font=\u00a0\u00bb|600|||||||\u00a0\u00bb header_2_text_color=\u00a0\u00bb#131F20&Prime; header_2_font_size=\u00a0\u00bb48px\u00a0\u00bb header_2_letter_spacing=\u00a0\u00bb2px\u00a0\u00bb header_3_font_size=\u00a0\u00bb28px\u00a0\u00bb header_3_letter_spacing=\u00a0\u00bb2px\u00a0\u00bb header_4_font_size=\u00a0\u00bb21px\u00a0\u00bb header_4_letter_spacing=\u00a0\u00bb1px\u00a0\u00bb hover_enabled=\u00a0\u00bb0&Prime; header_2_font_size_tablet=\u00a0\u00bb42px\u00a0\u00bb header_2_font_size_phone=\u00a0\u00bb38px\u00a0\u00bb header_2_font_size_last_edited=\u00a0\u00bbon|desktop\u00a0\u00bb header_3_font_size_tablet=\u00a0\u00bb26px\u00a0\u00bb header_3_font_size_phone=\u00a0\u00bb\u00a0\u00bb header_3_font_size_last_edited=\u00a0\u00bbon|desktop\u00a0\u00bb global_colors_info=\u00a0\u00bb{}\u00a0\u00bb sticky_enabled=\u00a0\u00bb0&Prime;]<\/p>\n<h4><span style=\"font-weight: 400;\">Cours <\/span><\/h4>\n<p><span style=\"font-weight: 400;\">Il y a sept cours obligatoires pour le titre de DAR\u00a0: trois cours sont suivis au sein d\u2019une cohorte pr\u00e9\u00e9tablie et quatre cours sont asynchrones. <\/span><a href=\"https:\/\/cnarea.ca\/educational-requirements-for-dar-designation\/\"><span style=\"font-weight: 400;\">Cliquer ici<\/span><\/a><span style=\"font-weight: 400;\"> (en anglais) afin d\u2019avoir des d\u00e9tails sur les cours requis pour la d\u00e9signation DAR.\u00a0<\/span><\/p>\n<p><span style=\"font-weight: 400;\">Pour s\u2019inscrire au programme DAC, les candidates et candidats doivent avoir effectu\u00e9 au moins 3\u00a0000\u00a0heures d\u2019\u00e9valuation r\u00e9sidentielle \u00e0 titre de DAR, puis avoir suivi quatre cours pr\u00e9alables. Le programme DAC comprend sept cours suppl\u00e9mentaires. <\/span><a href=\"https:\/\/cnarea.ca\/educational-requirements-for-dar-designation\/\"><span style=\"font-weight: 400;\">Cliquer ici<\/span><\/a><span style=\"font-weight: 400;\"> (en anglais) pour obtenir des d\u00e9tails sur les exigences relatives au titre DAC.\u00a0<\/span><\/p>\n<h4><span style=\"font-weight: 400;\">Pratique supervis\u00e9e<\/span><\/h4>\n<p><span style=\"font-weight: 400;\">En plus des cours, les personnes candidates au titre (DAR et DAC) doivent suivre une formation pratique supervis\u00e9e. La formation pratique a pour but de s\u2019assurer que les candidates et candidats comprennent et exercent leur profession conform\u00e9ment aux Normes uniformes de pratique professionnelle en mati\u00e8re d\u2019\u00e9valuation au Canada (NUPPEC). La pratique supervis\u00e9e est effectu\u00e9e sous la supervision d\u2019un \u00e9valuateur agr\u00e9\u00e9, form\u00e9 et approuv\u00e9 par la CNAREA.\u00a0<\/span><\/p>\n<p><span style=\"font-weight: 400;\">Ce n\u2019est pas \u00e0 la CNAREA que revient la responsabilit\u00e9 de trouver une \u00e9valuatrice ou un \u00e9valuateur. Il incombe aux personnes candidates de trouver leur propre \u00e9valuatrice ou \u00e9valuateur avant de demander le statut de candidat.<\/span><\/p>\n<h4><span style=\"font-weight: 400;\">Examens<\/span><\/h4>\n<p><span style=\"font-weight: 400;\">Apr\u00e8s avoir suivi tous les cours et formations, les candidates et candidats aux titres DAR et DAC doivent passer l\u2019examen correspondant (DAR ou DAC). <\/span><\/p>\n<p>[\/et_pb_text][\/et_pb_column][\/et_pb_row][\/et_pb_section]<\/p>\n","protected":false},"excerpt":{"rendered":"<p>\u00c9tudes et formation Les \u00e9valuatrices immobili\u00e8res et \u00e9valuateurs immobiliers suivent des cours en math\u00e9matiques, en affaires, en immobilier, en \u00e9conomie et en droit. Ils suivent \u00e9galement une formation pratique supervis\u00e9e afin de s\u2019assurer qu\u2019ils exercent leur m\u00e9tier conform\u00e9ment aux normes de la pratique professionnelle de l\u2019\u00e9valuation.\u00a0Exigences en mati\u00e8re d\u2019\u00e9tudes et de formation Il existe deux [&hellip;]<\/p>\n","protected":false},"author":2,"featured_media":0,"parent":742,"menu_order":0,"comment_status":"closed","ping_status":"closed","template":"","meta":{"_et_pb_use_builder":"on","_et_pb_old_content":"","_et_gb_content_width":"","footnotes":""},"class_list":["post-749","page","type-page","status-publish","hentry"],"_links":{"self":[{"href":"https:\/\/www.nbarea.org\/fr\/wp-json\/wp\/v2\/pages\/749","targetHints":{"allow":["GET"]}}],"collection":[{"href":"https:\/\/www.nbarea.org\/fr\/wp-json\/wp\/v2\/pages"}],"about":[{"href":"https:\/\/www.nbarea.org\/fr\/wp-json\/wp\/v2\/types\/page"}],"author":[{"embeddable":true,"href":"https:\/\/www.nbarea.org\/fr\/wp-json\/wp\/v2\/users\/2"}],"replies":[{"embeddable":true,"href":"https:\/\/www.nbarea.org\/fr\/wp-json\/wp\/v2\/comments?post=749"}],"version-history":[{"count":4,"href":"https:\/\/www.nbarea.org\/fr\/wp-json\/wp\/v2\/pages\/749\/revisions"}],"predecessor-version":[{"id":755,"href":"https:\/\/www.nbarea.org\/fr\/wp-json\/wp\/v2\/pages\/749\/revisions\/755"}],"up":[{"embeddable":true,"href":"https:\/\/www.nbarea.org\/fr\/wp-json\/wp\/v2\/pages\/742"}],"wp:attachment":[{"href":"https:\/\/www.nbarea.org\/fr\/wp-json\/wp\/v2\/media?parent=749"}],"curies":[{"name":"wp","href":"https:\/\/api.w.org\/{rel}","templated":true}]}}