{"id":1520,"date":"2023-01-09T18:53:33","date_gmt":"2023-01-09T22:53:33","guid":{"rendered":"https:\/\/www.nbarea.org\/directory\/"},"modified":"2023-09-27T13:58:05","modified_gmt":"2023-09-27T16:58:05","slug":"directoire","status":"publish","type":"page","link":"https:\/\/www.nbarea.org\/fr\/directoire\/","title":{"rendered":"Le directoire de l&rsquo;AEINB"},"content":{"rendered":"<p>[et_pb_section fb_built=\u00a0\u00bb1&Prime; _builder_version=\u00a0\u00bb4.19.5&Prime; _module_preset=\u00a0\u00bbdefault\u00a0\u00bb background_image=\u00a0\u00bbhttps:\/\/www.nbarea.org\/wp-content\/uploads\/2022\/11\/AdobeStock_89469395.png\u00a0\u00bb custom_padding=\u00a0\u00bb3vw||9vw||false|false\u00a0\u00bb global_colors_info=\u00a0\u00bb{}\u00a0\u00bb][et_pb_row _builder_version=\u00a0\u00bb4.19.0&Prime; _module_preset=\u00a0\u00bbdefault\u00a0\u00bb global_colors_info=\u00a0\u00bb{}\u00a0\u00bb][et_pb_column type=\u00a0\u00bb4_4&Prime; _builder_version=\u00a0\u00bb4.19.0&Prime; _module_preset=\u00a0\u00bbdefault\u00a0\u00bb global_colors_info=\u00a0\u00bb{}\u00a0\u00bb][et_pb_text _builder_version=\u00a0\u00bb4.19.5&Prime; _module_preset=\u00a0\u00bbdefault\u00a0\u00bb header_2_font=\u00a0\u00bb|||on|||||\u00a0\u00bb header_2_text_align=\u00a0\u00bbcenter\u00a0\u00bb header_2_text_color=\u00a0\u00bb#FFFFFF\u00a0\u00bb header_2_font_size=\u00a0\u00bb3vw\u00a0\u00bb header_2_text_shadow_style=\u00a0\u00bbpreset2&Prime; header_2_text_shadow_color=\u00a0\u00bbrgba(0,0,0,0.6)\u00a0\u00bb global_colors_info=\u00a0\u00bb{}\u00a0\u00bb]<\/p>\n<h2>NBAREA Directory<\/h2>\n<p>[\/et_pb_text][\/et_pb_column][\/et_pb_row][\/et_pb_section][et_pb_section fb_built=\u00a0\u00bb1&Prime; _builder_version=\u00a0\u00bb4.19.0&Prime; _module_preset=\u00a0\u00bbdefault\u00a0\u00bb custom_padding=\u00a0\u00bb32px||32px||true|false\u00a0\u00bb global_colors_info=\u00a0\u00bb{}\u00a0\u00bb][et_pb_row _builder_version=\u00a0\u00bb4.19.5&Prime; _module_preset=\u00a0\u00bbdefault\u00a0\u00bb background_color=\u00a0\u00bb#FFFFFF\u00a0\u00bb vertical_offset=\u00a0\u00bb-150px\u00a0\u00bb custom_margin=\u00a0\u00bb0px||0px||true|false\u00a0\u00bb custom_padding=\u00a0\u00bb15px|45px|75px|45px|false|true\u00a0\u00bb box_shadow_style=\u00a0\u00bbpreset1&Prime; global_colors_info=\u00a0\u00bb{}\u00a0\u00bb][et_pb_column type=\u00a0\u00bb4_4&Prime; _builder_version=\u00a0\u00bb4.19.0&Prime; _module_preset=\u00a0\u00bbdefault\u00a0\u00bb global_colors_info=\u00a0\u00bb{}\u00a0\u00bb][et_pb_text _builder_version=\u00a0\u00bb4.22.0&Prime; _module_preset=\u00a0\u00bbdefault\u00a0\u00bb header_2_font=\u00a0\u00bb|600|||||||\u00a0\u00bb header_2_text_color=\u00a0\u00bb#131F20&Prime; header_2_font_size=\u00a0\u00bb48px\u00a0\u00bb header_2_letter_spacing=\u00a0\u00bb2px\u00a0\u00bb header_3_font_size=\u00a0\u00bb28px\u00a0\u00bb header_3_letter_spacing=\u00a0\u00bb2px\u00a0\u00bb header_4_font_size=\u00a0\u00bb21px\u00a0\u00bb header_4_letter_spacing=\u00a0\u00bb1px\u00a0\u00bb hover_enabled=\u00a0\u00bb0&Prime; header_2_font_size_tablet=\u00a0\u00bb42px\u00a0\u00bb header_2_font_size_phone=\u00a0\u00bb38px\u00a0\u00bb header_2_font_size_last_edited=\u00a0\u00bbon|desktop\u00a0\u00bb header_3_font_size_tablet=\u00a0\u00bb26px\u00a0\u00bb header_3_font_size_phone=\u00a0\u00bb\u00a0\u00bb header_3_font_size_last_edited=\u00a0\u00bbon|desktop\u00a0\u00bb global_colors_info=\u00a0\u00bb{}\u00a0\u00bb sticky_enabled=\u00a0\u00bb0&Prime;]<\/p>\n<h2 style=\"text-align: center;\"><span style=\"font-weight: 400;\"> RECHERCHER UN \u00c9VALUATEUR <\/span><\/h2>\n<p style=\"text-align: center;\">En vertu de la <strong><a href=\"https:\/\/nbarea.org\/wp-content\/uploads\/2010\/12\/074_act.pdf\" target=\"_blank\" rel=\"noopener\">loi du Nouveau-Brunswick<\/a><\/strong>, seuls les membres de la NBAREA peuvent pratiquer l&rsquo;\u00e9valuation immobili\u00e8re au Nouveau-Brunswick.<\/p>\n<p style=\"text-align: center;\">Utilisez le r\u00e9pertoire des membres pour confirmer si une personne est membre de l&rsquo;AEINB, et donc autoris\u00e9e \u00e0 pratiquer l&rsquo;\u00e9valuation immobili\u00e8re dans la province du Nouveau-Brunswick.<\/p>\n<p>[\/et_pb_text][et_pb_accordion open_toggle_text_color=\u00a0\u00bb#87456A\u00a0\u00bb closed_toggle_text_color=\u00a0\u00bb#87456A\u00a0\u00bb toggle_icon=\u00a0\u00bb&#x3b;||divi||400&Prime; icon_color=\u00a0\u00bb#653450&Prime; use_icon_font_size=\u00a0\u00bbon\u00a0\u00bb icon_font_size=\u00a0\u00bb36px\u00a0\u00bb _builder_version=\u00a0\u00bb4.22.0&Prime; _module_preset=\u00a0\u00bbdefault\u00a0\u00bb toggle_level=\u00a0\u00bbh3&Prime; db_closeable=\u00a0\u00bbon\u00a0\u00bb global_colors_info=\u00a0\u00bb{}\u00a0\u00bb][et_pb_accordion_item title=\u00a0\u00bbExpliquer les d\u00e9signations (e.g. AACI\/DAC; ARC\/DAR;  Candidat(e))\u00a0\u00bb open=\u00a0\u00bbon\u00a0\u00bb _builder_version=\u00a0\u00bb4.22.0&Prime; _module_preset=\u00a0\u00bbdefault\u00a0\u00bb global_colors_info=\u00a0\u00bb{}\u00a0\u00bb]<\/p>\n<h4>AACI\/DAC\/EA\/MAI<\/h4>\n<p>Ces membres sont qualifi\u00e9s pour offrir des services d&rsquo;\u00e9valuation, de consultation et d&rsquo;expertise pour tous les types de biens immobiliers.<\/p>\n<ul>\n<li>AACI (Accredited Appraiser Canadian Institute) d\u00e9cern\u00e9 par <strong><a href=\"https:\/\/www.aicanada.ca\/fr\/\" target=\"_blank\" rel=\"noopener\">l&rsquo;Institut canadien des \u00e9valuateurs<\/a><\/strong><\/li>\n<li>DAC (Designated Appraiser Commercial) d\u00e9cern\u00e9 par <strong><a href=\"https:\/\/cnarea.ca\/\" target=\"_blank\" rel=\"noopener\">Canadian National Association of Real Estate Appraisers<\/a><\/strong><\/li>\n<li>EA (\u00c9valuateur Agr\u00e9e) from the <strong><a href=\"https:\/\/oeaq.qc.ca\/\" target=\"_blank\" rel=\"noopener\">Ordres des Evaluateurs Agr\u00e9es du Quebec<\/a><\/strong><\/li>\n<li>MAI (Member of the Appraisal Institute) &#8211; d\u00e9cern\u00e9 par <strong><a href=\"https:\/\/www.appraisalinstitute.org\/\" target=\"_blank\" rel=\"noopener\">Appraisal Institute<\/a><\/strong> aux Etats-Unis<\/li>\n<\/ul>\n<h4>CRA\/DAR\/EA\/SRA<\/h4>\n<p>Ces membres sont qualifi\u00e9s pour offrir des services d&rsquo;\u00e9valuation, de consultation et d&rsquo;expertise pour les terrains r\u00e9sidentiels individuels non am\u00e9nag\u00e9s et les habitations contenant au plus quatre unit\u00e9s d&rsquo;habitation familiales autonomes.<\/p>\n<ul>\n<li>AACI (Accredited Appraiser Canadian Institute) d\u00e9cern\u00e9 par <strong><a href=\"https:\/\/www.aicanada.ca\/fr\/\" target=\"_blank\" rel=\"noopener\">l&rsquo;Institut canadien des \u00e9valuateurs<\/a><\/strong><\/li>\n<li>DAC (Designated Appraiser Commercial) d\u00e9cern\u00e9 par <strong><a href=\"https:\/\/cnarea.ca\/\" target=\"_blank\" rel=\"noopener\">Canadian National Association of Real Estate Appraisers<\/a><\/strong><\/li>\n<li>EA (\u00c9valuateur Agr\u00e9e) from the <strong><a href=\"https:\/\/oeaq.qc.ca\/\" target=\"_blank\" rel=\"noopener\">Ordres des Evaluateurs Agr\u00e9es du Quebec<\/a><\/strong><\/li>\n<li>MAI (Member of the Appraisal Institute) &#8211; d\u00e9cern\u00e9 par <strong><a href=\"https:\/\/www.appraisalinstitute.org\/\" target=\"_blank\" rel=\"noopener\">Appraisal Institute<\/a><\/strong> aux Etats-Unis<\/li>\n<\/ul>\n<h4>Candidat(e)<\/h4>\n<p>Ces membres doivent faire cosigner leurs rapports par un membre d\u00e9sign\u00e9 en r\u00e8gle et enregistr\u00e9 dans la province du Nouveau-Brunswick. Les candidats cherchent \u00e0 obtenir la d\u00e9signation de l&rsquo;Institut canadien des \u00e9valuateurs (ICE) ou de la Canadian National Association of Real Estate Appraisers (CNAREA).<\/p>\n<p>[\/et_pb_accordion_item][\/et_pb_accordion][et_pb_text _builder_version=\u00a0\u00bb4.19.5&Prime; _module_preset=\u00a0\u00bbdefault\u00a0\u00bb global_colors_info=\u00a0\u00bb{}\u00a0\u00bb]<\/p>\n\n<p>[\/et_pb_text][\/et_pb_column][\/et_pb_row][\/et_pb_section]<\/p>\n","protected":false},"excerpt":{"rendered":"<p>NBAREA Directory RECHERCHER UN \u00c9VALUATEUR En vertu de la loi du Nouveau-Brunswick, seuls les membres de la NBAREA peuvent pratiquer l&rsquo;\u00e9valuation immobili\u00e8re au Nouveau-Brunswick. Utilisez le r\u00e9pertoire des membres pour confirmer si une personne est membre de l&rsquo;AEINB, et donc autoris\u00e9e \u00e0 pratiquer l&rsquo;\u00e9valuation immobili\u00e8re dans la province du Nouveau-Brunswick.AACI\/DAC\/EA\/MAI Ces membres sont qualifi\u00e9s pour [&hellip;]<\/p>\n","protected":false},"author":1,"featured_media":0,"parent":0,"menu_order":0,"comment_status":"closed","ping_status":"closed","template":"","meta":{"_et_pb_use_builder":"on","_et_pb_old_content":"[businessdirectory]","_et_gb_content_width":"","footnotes":""},"class_list":["post-1520","page","type-page","status-publish","hentry"],"_links":{"self":[{"href":"https:\/\/www.nbarea.org\/fr\/wp-json\/wp\/v2\/pages\/1520","targetHints":{"allow":["GET"]}}],"collection":[{"href":"https:\/\/www.nbarea.org\/fr\/wp-json\/wp\/v2\/pages"}],"about":[{"href":"https:\/\/www.nbarea.org\/fr\/wp-json\/wp\/v2\/types\/page"}],"author":[{"embeddable":true,"href":"https:\/\/www.nbarea.org\/fr\/wp-json\/wp\/v2\/users\/1"}],"replies":[{"embeddable":true,"href":"https:\/\/www.nbarea.org\/fr\/wp-json\/wp\/v2\/comments?post=1520"}],"version-history":[{"count":8,"href":"https:\/\/www.nbarea.org\/fr\/wp-json\/wp\/v2\/pages\/1520\/revisions"}],"predecessor-version":[{"id":1991,"href":"https:\/\/www.nbarea.org\/fr\/wp-json\/wp\/v2\/pages\/1520\/revisions\/1991"}],"wp:attachment":[{"href":"https:\/\/www.nbarea.org\/fr\/wp-json\/wp\/v2\/media?parent=1520"}],"curies":[{"name":"wp","href":"https:\/\/api.w.org\/{rel}","templated":true}]}}